{"id":1807,"date":"2019-07-30T11:25:44","date_gmt":"2019-07-30T11:25:44","guid":{"rendered":"http:\/\/impreza6.us-themes.com\/?page_id=1807"},"modified":"2026-03-29T15:04:48","modified_gmt":"2026-03-29T12:04:48","slug":"home","status":"publish","type":"page","link":"https:\/\/parkbalik.com\/en\/","title":{"rendered":"Home Page"},"content":{"rendered":"<section class=\"l-section wpb_row height_medium full_height valign_center color_primary with_video\"><div id=\"us_bg_video_n2c9\" class=\"l-section-video\"><script id=\"us_bg_video_n2c9-script\">!function(w){var node = document.getElementById( 'us_bg_video_n2c9' );if ( w.innerWidth <= 200 ) { node.remove() }}(window);<\/script><style>@media(max-width:200px){#us_bg_video_n2c9{display:none!important}}<\/style><video  autoplay loop muted playsinline preload=\"auto\"><source type=\"video\/mp4\" src=\"https:\/\/parkbalik.com\/en\/wp-content\/uploads\/2025\/04\/anasayfa-park-balik.mp4\" \/><\/video><\/div><div class=\"l-section-overlay\" style=\"background:linear-gradient(255deg, rgba(0,0,0,0.25) 0%,rgba(0,0,0,0.35) 50%,rgba(0,0,0,0.4) 100%)\"><\/div><div class=\"l-section-h i-cf\"><div class=\"g-cols vc_row via_grid cols_2 laptops-cols_inherit tablets-cols_inherit mobiles-cols_1 valign_top type_default stacking_default\"><div class=\"wpb_column vc_column_container\"><div class=\"vc_column-inner\"><div class=\"w-separator size_huge\"><\/div><h1 class=\"w-text us_custom_00d07be5 us_animate_this\"><span class=\"w-text-h\"><span class=\"w-text-value\">Park Bal\u0131k Restaurant<\/span><\/span><\/h1><div class=\"wpb_text_column us_custom_ed0198cc us_animate_this\"><div class=\"wpb_wrapper\"><p>From daily fish varieties prepared with the freshest ingredients to traditional mezes, many options reflecting the richness of Turkish seafood cuisine await you.<\/p>\n<p>At Park Bal\u0131k, you\u2019re not just eating; you\u2019re creating joyful memories. Come and feel the taste of the sea on your plate!<\/p>\n<\/div><\/div><div class=\"w-separator size_small\"><\/div><\/div><\/div><div class=\"wpb_column vc_column_container\"><div class=\"vc_column-inner\"><\/div><\/div><\/div><\/div><\/section><section class=\"l-section wpb_row height_medium full_height valign_center color_primary with_video\"><div id=\"us_bg_video_n7bc\" class=\"l-section-video\"><script id=\"us_bg_video_n7bc-script\">!function(w){var node = document.getElementById( 'us_bg_video_n7bc' );if ( w.innerWidth <= 200 ) { node.remove() }}(window);<\/script><style>@media(max-width:200px){#us_bg_video_n7bc{display:none!important}}<\/style><video  autoplay loop muted playsinline preload=\"auto\"><source type=\"video\/mp4\" src=\"https:\/\/parkbalik.com\/en\/wp-content\/uploads\/2025\/04\/anasayfa-menu.mp4\" \/><\/video><\/div><div class=\"l-section-overlay\" style=\"background:linear-gradient(255deg, rgba(0,0,0,0.25) 0%,rgba(0,0,0,0.33) 50%,rgba(0,0,0,0.53) 100%)\"><\/div><div class=\"l-section-h i-cf\"><div class=\"g-cols vc_row via_grid cols_2 laptops-cols_inherit tablets-cols_inherit mobiles-cols_1 valign_top type_default stacking_default\"><div class=\"wpb_column vc_column_container\"><div class=\"vc_column-inner\"><h2 class=\"w-text us_custom_00d07be5 us_animate_this\"><span class=\"w-text-h\"><span class=\"w-text-value\">Fresh Seafood Delights<\/span><\/span><\/h2><div class=\"wpb_text_column us_custom_ed0198cc us_animate_this\"><div class=\"wpb_wrapper\"><p>Whether it\u2019s a business dinner, a romantic evening, or just a pleasant dinner with friends after a busy day&#8230;<\/p>\n<p>At Park Bal\u0131k, fresh and carefully prepared seafood to suit every taste awaits you. Discover our menu where traditional recipes meet modern touches.<\/p>\n<\/div><\/div><div class=\"w-separator size_small\"><\/div><div class=\"w-btn-wrapper align_none\"><a class=\"w-btn us-btn-style_1 us_custom_bf8acc0e us_animate_this\" href=\"https:\/\/www.genresman.com\/qrm\/g.php?uc=A5zpw7x\"><span class=\"w-btn-label\">View Menu<\/span><\/a><\/div><\/div><\/div><div class=\"wpb_column vc_column_container\"><div class=\"vc_column-inner\"><\/div><\/div><\/div><\/div><\/section><section class=\"l-section wpb_row height_medium full_height valign_center color_primary with_video\"><div id=\"us_bg_video_t730\" class=\"l-section-video\"><script id=\"us_bg_video_t730-script\">!function(w){var node = document.getElementById( 'us_bg_video_t730' );if ( w.innerWidth <= 240 ) { node.remove() }}(window);<\/script><style>@media(max-width:240px){#us_bg_video_t730{display:none!important}}<\/style><video  autoplay loop muted playsinline preload=\"auto\"><source type=\"video\/mp4\" src=\"https:\/\/parkbalik.com\/en\/wp-content\/uploads\/2025\/04\/anasayfa-galeri.mp4\" \/><\/video><\/div><div class=\"l-section-overlay\" style=\"background:linear-gradient(255deg, rgba(0,0,0,0.25) 0%,rgba(0,0,0,0.33) 50%,rgba(0,0,0,0.53) 100%)\"><\/div><div class=\"l-section-h i-cf\"><div class=\"g-cols vc_row via_grid cols_2 laptops-cols_inherit tablets-cols_inherit mobiles-cols_1 valign_top type_default stacking_default\"><div class=\"wpb_column vc_column_container\"><div class=\"vc_column-inner\"><h2 class=\"w-text us_custom_481df0dc us_animate_this\"><span class=\"w-text-h\"><span class=\"w-text-value\">Luxurious and Elegant Atmosphere<\/span><\/span><\/h2><div class=\"wpb_text_column us_custom_ed0198cc us_animate_this\"><div class=\"wpb_wrapper\"><p>Elegance, comfort, and flavor\u2026 Every detail at Park Bal\u0131k is designed for you to experience unforgettable moments. The elegant and cozy interior of Park Bal\u0131k offers a special ambiance to accompany every moment of yours.<\/p>\n<\/div><\/div><div class=\"w-separator size_small\"><\/div><div class=\"w-btn-wrapper align_none\"><a class=\"w-btn us-btn-style_1 us_custom_bf8acc0e us_animate_this\" href=\"https:\/\/parkbalik.com\/en\/gallery\/\"><span class=\"w-btn-label\">View Gallery<\/span><\/a><\/div><\/div><\/div><div class=\"wpb_column vc_column_container\"><div class=\"vc_column-inner\"><\/div><\/div><\/div><\/div><\/section><section class=\"l-section wpb_row height_auto width_full\"><div class=\"l-section-h i-cf\"><div class=\"g-cols vc_row via_grid cols_2-1 laptops-cols_inherit tablets-cols_inherit mobiles-cols_1 valign_top type_default stacking_default\" style=\"--columns-gap:0rem;\"><div class=\"wpb_column vc_column_container\"><div class=\"vc_column-inner\"><div class=\"wpb_text_column us_custom_6c21c073 us_animate_this hide_on_tablets hide_on_mobiles\"><div class=\"wpb_wrapper\"><p><iframe loading=\"lazy\" style=\"border: 0;\" src=\"https:\/\/www.google.com\/maps\/embed?pb=!1m14!1m8!1m3!1d12042.389955977782!2d29.1794665!3d41.0121824!3m2!1i1024!2i768!4f13.1!3m3!1m2!1s0x14cacf92fdbce409%3A0x68d6c537d938d4ea!2zUGFyayBCYWzEsWsgUmVzdGF1cmFudCDDh2VrbWVrw7Z5!5e0!3m2!1str!2str!4v1744961353943!5m2!1str!2str\" width=\"100%\" height=\"672\" allowfullscreen=\"allowfullscreen\"><\/iframe><\/p>\n<\/div><\/div><div class=\"wpb_text_column hide_on_default hide_on_laptops\"><div class=\"wpb_wrapper\"><p><iframe loading=\"lazy\" style=\"border: 0;\" src=\"https:\/\/www.google.com\/maps\/embed?pb=!1m14!1m8!1m3!1d12042.389955977782!2d29.1794665!3d41.0121824!3m2!1i1024!2i768!4f13.1!3m3!1m2!1s0x14cacf92fdbce409%3A0x68d6c537d938d4ea!2zUGFyayBCYWzEsWsgUmVzdGF1cmFudCDDh2VrbWVrw7Z5!5e0!3m2!1str!2str!4v1744961353943!5m2!1str!2str\" width=\"100%\" height=\"280\" allowfullscreen=\"allowfullscreen\"><\/iframe><\/p>\n<\/div><\/div><\/div><\/div><div class=\"wpb_column vc_column_container\"><div class=\"vc_column-inner\"><div class=\"w-scroller hide_on_default hide_on_laptops style_1 pos_right with_dots\" aria-hidden=\"true\" data-speed=\"1000\" data-disablewidth=\"500\"><div class=\"w-scroller-dots\" style=\"font-size:10px;color:#ffffff;\"><div class=\"w-scroller-dot\" role=\"button\"><span><\/span><\/div><\/div><\/div><div class=\"w-scroller hide_on_tablets hide_on_mobiles style_1 pos_right with_dots\" aria-hidden=\"true\" data-speed=\"1000\" data-disablewidth=\"500\"><div class=\"w-scroller-dots\" style=\"font-size:15px;color:#ffffff;\"><div class=\"w-scroller-dot\" role=\"button\"><span><\/span><\/div><\/div><\/div><div class=\"g-cols wpb_row us_custom_1279387b us_animate_this via_grid cols_1 laptops-cols_inherit tablets-cols_inherit mobiles-cols_1 valign_middle type_default stacking_default\" style=\"--columns-gap:3rem;\"><div class=\"wpb_column vc_column_container\"><div class=\"vc_column-inner\"><div class=\"w-hwrapper valign_middle align_left\"><div class=\"w-image us_custom_112484fa has_height align_none\"><div class=\"w-image-h\"><img decoding=\"async\" width=\"120\" height=\"120\" src=\"https:\/\/parkbalik.com\/en\/wp-content\/uploads\/2025\/04\/metro.jpg\" class=\"attachment-full size-full\" alt=\"\" loading=\"lazy\" \/><\/div><\/div><div class=\"wpb_text_column us_custom_2e33d53c has_text_color\"><div class=\"wpb_wrapper\"><h5><strong>Metro<\/strong><\/h5>\n<p>You can take the M5 \u00dcsk\u00fcdar\u2013\u00c7ekmek\u00f6y Metro Line and get off at Madenler or \u00c7ekmek\u00f6y stations. From there, you can easily reach our restaurant by a short walk or taxi ride.<\/p>\n<\/div><\/div><\/div><\/div><\/div><\/div><div class=\"g-cols wpb_row us_custom_86442e64 us_animate_this via_grid cols_1 laptops-cols_inherit tablets-cols_inherit mobiles-cols_1 valign_middle type_default stacking_default\" style=\"--columns-gap:3rem;\"><div class=\"wpb_column vc_column_container\"><div class=\"vc_column-inner\"><div class=\"w-hwrapper valign_middle align_left\"><div class=\"w-image us_custom_f1d784d1 has_height align_none\"><div class=\"w-image-h\"><img decoding=\"async\" width=\"120\" height=\"120\" src=\"https:\/\/parkbalik.com\/en\/wp-content\/uploads\/2025\/04\/metrobus.jpg\" class=\"attachment-full size-full\" alt=\"\" loading=\"lazy\" \/><\/div><\/div><div class=\"wpb_text_column us_custom_2e33d53c has_text_color\"><div class=\"wpb_wrapper\"><h5><strong>Metrobus<\/strong><\/h5>\n<p>You can get off at Altunizade station by metrobus and transfer to the M5 metro line. After reaching Madenler or \u00c7ekmek\u00f6y stations by metro, you can arrive at Park Bal\u0131k with a short trip.<\/p>\n<\/div><\/div><\/div><\/div><\/div><\/div><div class=\"g-cols wpb_row us_custom_dc1540bb us_animate_this via_grid cols_1 laptops-cols_inherit tablets-cols_inherit mobiles-cols_1 valign_middle type_default stacking_default\" style=\"--columns-gap:3rem;\"><div class=\"wpb_column vc_column_container\"><div class=\"vc_column-inner\"><div class=\"w-hwrapper valign_middle align_left\"><div class=\"w-image us_custom_729914a1 has_height align_none\"><div class=\"w-image-h\"><img decoding=\"async\" width=\"120\" height=\"120\" src=\"https:\/\/parkbalik.com\/en\/wp-content\/uploads\/2025\/04\/marmaray.jpg\" class=\"attachment-full size-full\" alt=\"\" loading=\"lazy\" \/><\/div><\/div><div class=\"wpb_text_column us_custom_2e33d53c has_text_color\"><div class=\"wpb_wrapper\"><h5><strong>Marmaray<\/strong><\/h5>\n<p>You can get off at \u00dcsk\u00fcdar station and transfer directly to the M5 \u00dcsk\u00fcdar\u2013\u00c7ekmek\u00f6y Metro Line. After Madenler or \u00c7ekmek\u00f6y stations, it is possible to reach our restaurant within minutes.<\/p>\n<\/div><\/div><\/div><\/div><\/div><\/div><\/div><\/div><\/div><\/div><\/section>\n","protected":false},"excerpt":{"rendered":"Park Bal\u0131k RestaurantFrom daily fish varieties prepared with the freshest ingredients to traditional mezes, many options reflecting the richness of Turkish seafood cuisine await you. At Park Bal\u0131k, you\u2019re not just eating; you\u2019re creating joyful memories. Come and feel the taste of the sea on your plate! Fresh Seafood DelightsWhether it\u2019s a business dinner, a...","protected":false},"author":1,"featured_media":0,"parent":0,"menu_order":0,"comment_status":"closed","ping_status":"closed","template":"","meta":{"footnotes":""},"class_list":["post-1807","page","type-page","status-publish","hentry"],"yoast_head":"<!-- This site is optimized with the Yoast SEO plugin v25.0 - https:\/\/yoast.com\/wordpress\/plugins\/seo\/ -->\n<title>Park Bal\u0131k Restaurant<\/title>\n<meta name=\"robots\" content=\"index, follow, max-snippet:-1, max-image-preview:large, max-video-preview:-1\" \/>\n<link rel=\"canonical\" href=\"https:\/\/parkbalik.com\/en\/\" \/>\n<meta property=\"og:locale\" content=\"en_US\" \/>\n<meta property=\"og:type\" content=\"article\" \/>\n<meta property=\"og:title\" content=\"Park Bal\u0131k Restaurant\" \/>\n<meta property=\"og:url\" content=\"https:\/\/parkbalik.com\/en\/\" \/>\n<meta property=\"og:site_name\" content=\"Park Bal\u0131k Restaurant\" \/>\n<meta property=\"article:modified_time\" content=\"2026-03-29T12:04:48+00:00\" \/>\n<meta name=\"twitter:card\" content=\"summary_large_image\" \/>\n<meta name=\"twitter:label1\" content=\"Est. reading time\" \/>\n\t<meta name=\"twitter:data1\" content=\"2 minutes\" \/>\n<script type=\"application\/ld+json\" class=\"yoast-schema-graph\">{\"@context\":\"https:\/\/schema.org\",\"@graph\":[{\"@type\":\"WebPage\",\"@id\":\"https:\/\/parkbalik.com\/en\/\",\"url\":\"https:\/\/parkbalik.com\/en\/\",\"name\":\"Park Bal\u0131k Restaurant\",\"isPartOf\":{\"@id\":\"https:\/\/parkbalik.com\/en\/#website\"},\"datePublished\":\"2019-07-30T11:25:44+00:00\",\"dateModified\":\"2026-03-29T12:04:48+00:00\",\"breadcrumb\":{\"@id\":\"https:\/\/parkbalik.com\/en\/#breadcrumb\"},\"inLanguage\":\"en-US\",\"potentialAction\":[{\"@type\":\"ReadAction\",\"target\":[\"https:\/\/parkbalik.com\/en\/\"]}]},{\"@type\":\"BreadcrumbList\",\"@id\":\"https:\/\/parkbalik.com\/en\/#breadcrumb\",\"itemListElement\":[{\"@type\":\"ListItem\",\"position\":1,\"name\":\"Anasayfa\",\"item\":\"https:\/\/parkbalik.com\/en\/\"},{\"@type\":\"ListItem\",\"position\":2,\"name\":\"Home Page\"}]},{\"@type\":\"WebSite\",\"@id\":\"https:\/\/parkbalik.com\/en\/#website\",\"url\":\"https:\/\/parkbalik.com\/en\/\",\"name\":\"Park Bal\u0131k Restaurant\",\"description\":\"\",\"potentialAction\":[{\"@type\":\"SearchAction\",\"target\":{\"@type\":\"EntryPoint\",\"urlTemplate\":\"https:\/\/parkbalik.com\/en\/?s={search_term_string}\"},\"query-input\":{\"@type\":\"PropertyValueSpecification\",\"valueRequired\":true,\"valueName\":\"search_term_string\"}}],\"inLanguage\":\"en-US\"}]}<\/script>\n<!-- \/ Yoast SEO plugin. -->","yoast_head_json":{"title":"Park Bal\u0131k Restaurant","robots":{"index":"index","follow":"follow","max-snippet":"max-snippet:-1","max-image-preview":"max-image-preview:large","max-video-preview":"max-video-preview:-1"},"canonical":"https:\/\/parkbalik.com\/en\/","og_locale":"en_US","og_type":"article","og_title":"Park Bal\u0131k Restaurant","og_url":"https:\/\/parkbalik.com\/en\/","og_site_name":"Park Bal\u0131k Restaurant","article_modified_time":"2026-03-29T12:04:48+00:00","twitter_card":"summary_large_image","twitter_misc":{"Est. reading time":"2 minutes"},"schema":{"@context":"https:\/\/schema.org","@graph":[{"@type":"WebPage","@id":"https:\/\/parkbalik.com\/en\/","url":"https:\/\/parkbalik.com\/en\/","name":"Park Bal\u0131k Restaurant","isPartOf":{"@id":"https:\/\/parkbalik.com\/en\/#website"},"datePublished":"2019-07-30T11:25:44+00:00","dateModified":"2026-03-29T12:04:48+00:00","breadcrumb":{"@id":"https:\/\/parkbalik.com\/en\/#breadcrumb"},"inLanguage":"en-US","potentialAction":[{"@type":"ReadAction","target":["https:\/\/parkbalik.com\/en\/"]}]},{"@type":"BreadcrumbList","@id":"https:\/\/parkbalik.com\/en\/#breadcrumb","itemListElement":[{"@type":"ListItem","position":1,"name":"Anasayfa","item":"https:\/\/parkbalik.com\/en\/"},{"@type":"ListItem","position":2,"name":"Home Page"}]},{"@type":"WebSite","@id":"https:\/\/parkbalik.com\/en\/#website","url":"https:\/\/parkbalik.com\/en\/","name":"Park Bal\u0131k Restaurant","description":"","potentialAction":[{"@type":"SearchAction","target":{"@type":"EntryPoint","urlTemplate":"https:\/\/parkbalik.com\/en\/?s={search_term_string}"},"query-input":{"@type":"PropertyValueSpecification","valueRequired":true,"valueName":"search_term_string"}}],"inLanguage":"en-US"}]}},"_links":{"self":[{"href":"https:\/\/parkbalik.com\/en\/wp-json\/wp\/v2\/pages\/1807","targetHints":{"allow":["GET"]}}],"collection":[{"href":"https:\/\/parkbalik.com\/en\/wp-json\/wp\/v2\/pages"}],"about":[{"href":"https:\/\/parkbalik.com\/en\/wp-json\/wp\/v2\/types\/page"}],"author":[{"embeddable":true,"href":"https:\/\/parkbalik.com\/en\/wp-json\/wp\/v2\/users\/1"}],"replies":[{"embeddable":true,"href":"https:\/\/parkbalik.com\/en\/wp-json\/wp\/v2\/comments?post=1807"}],"version-history":[{"count":107,"href":"https:\/\/parkbalik.com\/en\/wp-json\/wp\/v2\/pages\/1807\/revisions"}],"predecessor-version":[{"id":2763,"href":"https:\/\/parkbalik.com\/en\/wp-json\/wp\/v2\/pages\/1807\/revisions\/2763"}],"wp:attachment":[{"href":"https:\/\/parkbalik.com\/en\/wp-json\/wp\/v2\/media?parent=1807"}],"curies":[{"name":"wp","href":"https:\/\/api.w.org\/{rel}","templated":true}]}}